{"id":835,"date":"2022-06-09T17:18:39","date_gmt":"2022-06-09T17:18:39","guid":{"rendered":"https:\/\/startersites.io\/elementor\/persona\/?page_id=835"},"modified":"2026-02-14T12:25:18","modified_gmt":"2026-02-14T15:25:18","slug":"sobre-nos","status":"publish","type":"page","link":"https:\/\/agenciagarras.com.br\/index.php\/sobre-nos\/","title":{"rendered":"Sobre nos"},"content":{"rendered":"\t\t<div data-elementor-type=\"wp-page\" data-elementor-id=\"835\" class=\"elementor elementor-835\">\n\t\t\t\t<div class=\"elementor-element elementor-element-44103bd e-flex e-con-boxed e-con e-parent\" data-id=\"44103bd\" data-element_type=\"container\">\n\t\t\t\t\t<div class=\"e-con-inner\">\n\t\t\t\t<div class=\"elementor-element elementor-element-1acdc09 elementor-widget elementor-widget-text-editor\" data-id=\"1acdc09\" data-element_type=\"widget\" data-widget_type=\"text-editor.default\">\n\t\t\t\t\t\t\t\t\t<p>Nascemos em Canoas da necessidade de dar voz \u00e0 reconstru\u00e7\u00e3o. Seis meses ap\u00f3s a enchente que marcou nossa cidade, abrimos nosso est\u00fadio com uma miss\u00e3o clara: permitir que hist\u00f3rias fossem contadas. Durante um ano, fomos o palco de centenas de vozes, mas percebemos um padr\u00e3o: ap\u00f3s o &#8220;rec&#8221;, muitos neg\u00f3cios ficavam sem o suporte estrat\u00e9gico necess\u00e1rio para crescer.<\/p><p>Percebemos que o mercado precisava de um elo de liga\u00e7\u00e3o entre a produ\u00e7\u00e3o de conte\u00fado e o sucesso real. Foi assim que evolu\u00edmos para uma ag\u00eancia completa. Nosso prop\u00f3sito \u00e9 um s\u00f3: queremos que voc\u00ea alcance a prosperidade em seus neg\u00f3cios, utilizando a comunica\u00e7\u00e3o como a ferramenta principal para esse crescimento.<\/p><p>Como conectamos o seu neg\u00f3cio ao sucesso:<\/p><p>Experi\u00eancia em Podcast: Produ\u00e7\u00e3o completa em nosso est\u00fadio ou Podcasts Externos \u2014 levamos toda a nossa estrutura audiovisual (\u00e1udio e v\u00eddeo) at\u00e9 onde voc\u00ea estiver.<\/p><p>Audiovisual de Alto Impacto: Capta\u00e7\u00e3o de v\u00eddeos profissionais e Institucionais com tecnologia de ponta, incluindo imagens a\u00e9reas com Drone para destacar a grandeza da sua empresa.<\/p><p>Conte\u00fado que Vende: Grava\u00e7\u00e3o de Criativos para Instagram e gerenciamento estrat\u00e9gico de Redes Sociais.<\/p><p>Escala e Performance: Gest\u00e3o de Tr\u00e1fego Pago para nichos espec\u00edficos, garantindo que sua marca seja vista por quem realmente importa.<\/p><p>N\u00e3o entregamos apenas v\u00eddeos ou posts; somos o parceiro estrat\u00e9gico que transforma sua mensagem em autoridade. Seu neg\u00f3cio merece prosperar, e n\u00f3s somos o elo para que isso aconte\u00e7a.<\/p>\t\t\t\t\t\t\t\t<\/div>\n\t\t\t\t\t<\/div>\n\t\t\t\t<\/div>\n\t\t<div class=\"elementor-element elementor-element-d993e2a e-grid e-con-boxed e-con e-parent\" data-id=\"d993e2a\" data-element_type=\"container\">\n\t\t\t\t\t<div class=\"e-con-inner\">\n\t\t\t\t\t<\/div>\n\t\t\t\t<\/div>\n\t\t<div class=\"elementor-element elementor-element-f32d86d e-flex e-con-boxed e-con e-parent\" data-id=\"f32d86d\" data-element_type=\"container\">\n\t\t\t\t\t<div class=\"e-con-inner\">\n\t\t\t\t<div class=\"elementor-element elementor-element-a3cc2d0 elementor-widget__width-initial elementor-widget elementor-widget-image\" data-id=\"a3cc2d0\" data-element_type=\"widget\" data-widget_type=\"image.default\">\n\t\t\t\t\t\t\t\t\t\t\t\t\t\t\t<img fetchpriority=\"high\" decoding=\"async\" width=\"819\" height=\"1024\" src=\"https:\/\/agenciagarras.com.br\/wp-content\/uploads\/2026\/02\/IMG_2629-819x1024.png\" class=\"attachment-large size-large wp-image-1565\" alt=\"\" srcset=\"https:\/\/agenciagarras.com.br\/wp-content\/uploads\/2026\/02\/IMG_2629-819x1024.png 819w, https:\/\/agenciagarras.com.br\/wp-content\/uploads\/2026\/02\/IMG_2629-240x300.png 240w, https:\/\/agenciagarras.com.br\/wp-content\/uploads\/2026\/02\/IMG_2629-768x960.png 768w, https:\/\/agenciagarras.com.br\/wp-content\/uploads\/2026\/02\/IMG_2629.png 1080w\" sizes=\"(max-width: 819px) 100vw, 819px\" \/>\t\t\t\t\t\t\t\t\t\t\t\t\t\t\t<\/div>\n\t\t<div class=\"elementor-element elementor-element-f190a5a e-con-full e-flex e-con e-child\" data-id=\"f190a5a\" data-element_type=\"container\">\n\t\t\t\t<div class=\"elementor-element elementor-element-7044c7c elementor-widget elementor-widget-text-editor\" data-id=\"7044c7c\" data-element_type=\"widget\" data-widget_type=\"text-editor.default\">\n\t\t\t\t\t\t\t\t\t<p>\u00a0Vagner Munhoz &#8211; CEO<\/p>\t\t\t\t\t\t\t\t<\/div>\n\t\t<div class=\"elementor-element elementor-element-def32c4 e-flex e-con-boxed e-con e-child\" data-id=\"def32c4\" data-element_type=\"container\">\n\t\t\t\t\t<div class=\"e-con-inner\">\n\t\t<div class=\"elementor-element elementor-element-2d468a8 e-con-full e-flex e-con e-child\" data-id=\"2d468a8\" data-element_type=\"container\">\n\t\t\t\t<\/div>\n\t\t<div class=\"elementor-element elementor-element-0141be7 e-con-full e-flex e-con e-child\" data-id=\"0141be7\" data-element_type=\"container\">\n\t\t\t\t<div class=\"elementor-element elementor-element-58104de elementor-widget elementor-widget-text-editor\" data-id=\"58104de\" data-element_type=\"widget\" data-widget_type=\"text-editor.default\">\n\t\t\t\t\t\t\t\t\t<p>Me chamo Vagner Munhoz, sou propriet\u00e1rio desta empresa, palestrante motivacional e empresarial, al\u00e9m de Gerente Soaring na Forever Living, onde desenvolvo neg\u00f3cios em mais de 10 pa\u00edses.<br \/>Minha miss\u00e3o \u00e9 clara: dar \u00e0s pessoas oportunidades reais de prosperar na vida, ajudando-as a acreditarem no pr\u00f3prio potencial e a transformarem seus sonhos em conquistas.<\/p><p>Minha trajet\u00f3ria \u00e9 marcada por desafios que se transformaram em aprendizados e, principalmente, em resultados. Desde o in\u00edcio, entendi que o verdadeiro sucesso n\u00e3o \u00e9 apenas conquistar para si, mas sim abrir caminhos para que outros tamb\u00e9m possam vencer.<\/p><p>Ao longo dos anos, tenho compartilhado experi\u00eancias, estrat\u00e9gias e ferramentas que impactaram vidas e carreiras, inspirando profissionais, empreendedores e l\u00edderes a buscarem sempre o melhor de si. Acredito que cada pessoa tem dentro de si a capacidade de crescer, prosperar e alcan\u00e7ar n\u00edveis que jamais imaginou.<\/p><p>Hoje, por meio do meu trabalho e das oportunidades que constru\u00ed, sigo firme no prop\u00f3sito de gerar transforma\u00e7\u00e3o, prosperidade e esperan\u00e7a.<\/p>\t\t\t\t\t\t\t\t<\/div>\n\t\t\t\t<\/div>\n\t\t\t\t\t<\/div>\n\t\t\t\t<\/div>\n\t\t\t\t<\/div>\n\t\t\t\t\t<\/div>\n\t\t\t\t<\/div>\n\t\t<div class=\"elementor-element elementor-element-bb3e5f3 e-flex e-con-boxed e-con e-parent\" data-id=\"bb3e5f3\" data-element_type=\"container\">\n\t\t\t\t\t<div class=\"e-con-inner\">\n\t\t\t\t<div class=\"elementor-element elementor-element-f618892 elementor-widget__width-initial elementor-widget elementor-widget-image\" data-id=\"f618892\" data-element_type=\"widget\" data-widget_type=\"image.default\">\n\t\t\t\t\t\t\t\t\t\t\t\t\t\t\t<img decoding=\"async\" width=\"747\" height=\"1024\" src=\"https:\/\/agenciagarras.com.br\/wp-content\/uploads\/2026\/02\/1768105398535-747x1024.png\" class=\"attachment-large size-large wp-image-1619\" alt=\"\" srcset=\"https:\/\/agenciagarras.com.br\/wp-content\/uploads\/2026\/02\/1768105398535-747x1024.png 747w, https:\/\/agenciagarras.com.br\/wp-content\/uploads\/2026\/02\/1768105398535-219x300.png 219w, https:\/\/agenciagarras.com.br\/wp-content\/uploads\/2026\/02\/1768105398535-768x1052.png 768w, https:\/\/agenciagarras.com.br\/wp-content\/uploads\/2026\/02\/1768105398535.png 864w\" sizes=\"(max-width: 747px) 100vw, 747px\" \/>\t\t\t\t\t\t\t\t\t\t\t\t\t\t\t<\/div>\n\t\t<div class=\"elementor-element elementor-element-905d4d7 e-con-full e-flex e-con e-child\" data-id=\"905d4d7\" data-element_type=\"container\">\n\t\t\t\t<div class=\"elementor-element elementor-element-432b5a6 elementor-widget elementor-widget-text-editor\" data-id=\"432b5a6\" data-element_type=\"widget\" data-widget_type=\"text-editor.default\">\n\t\t\t\t\t\t\t\t\t<p>Erick Pugin &#8211; Gerente Geral<\/p>\t\t\t\t\t\t\t\t<\/div>\n\t\t<div class=\"elementor-element elementor-element-dc4afc9 e-flex e-con-boxed e-con e-child\" data-id=\"dc4afc9\" data-element_type=\"container\">\n\t\t\t\t\t<div class=\"e-con-inner\">\n\t\t<div class=\"elementor-element elementor-element-f8fd3dc e-con-full e-flex e-con e-child\" data-id=\"f8fd3dc\" data-element_type=\"container\">\n\t\t\t\t<\/div>\n\t\t<div class=\"elementor-element elementor-element-1b26160 e-con-full e-flex e-con e-child\" data-id=\"1b26160\" data-element_type=\"container\">\n\t\t\t\t<div class=\"elementor-element elementor-element-339413e elementor-widget elementor-widget-text-editor\" data-id=\"339413e\" data-element_type=\"widget\" data-widget_type=\"text-editor.default\">\n\t\t\t\t\t\t\t\t\t<p>Eu me chamo Erick Pugin e sou s\u00f3cio-administrador da empresa.<br \/>Minha trajet\u00f3ria profissional \u00e9 marcada por inspira\u00e7\u00e3o, determina\u00e7\u00e3o e prop\u00f3sito. Comecei minha carreira no setor de vendas, onde atuei por mais de 10 anos. Foi nesse per\u00edodo que aprendi o verdadeiro valor do relacionamento humano, da escuta ativa e da entrega de valor \u2014 pilares que sempre me acompanharam.<\/p><p>Com o tempo, descobri uma nova paix\u00e3o: a comunica\u00e7\u00e3o e o poder do marketing. Nos \u00faltimos 6 anos, atuei na Lojas Renner, assumindo atribui\u00e7\u00f5es nas \u00e1reas de Marketing e V\u00eddeomaker, criando v\u00eddeos e campanhas para redes sociais, com o objetivo de conectar pessoas e marcas atrav\u00e9s de hist\u00f3rias aut\u00eanticas e inspiradoras.<\/p><p>Essa viv\u00eancia me proporcionou uma vis\u00e3o ampla sobre administra\u00e7\u00e3o, marketing e vendas, unindo estrat\u00e9gia, criatividade e resultado. Mais do que n\u00fameros ou metas, meu verdadeiro prop\u00f3sito sempre foi fazer com que as pessoas prosperem, ajudando-as a enxergar seu potencial e a realizar seus sonhos \u2014 seja atrav\u00e9s de uma ideia, um projeto ou uma oportunidade bem aproveitada.<\/p><p>Acredito que o sucesso nasce da determina\u00e7\u00e3o e da vontade de servir ao pr\u00f3ximo, e \u00e9 com esse esp\u00edrito que sigo minha jornada: transformando desafios em crescimento, e experi\u00eancias em caminhos de prosperidade.<\/p>\t\t\t\t\t\t\t\t<\/div>\n\t\t\t\t<\/div>\n\t\t\t\t\t<\/div>\n\t\t\t\t<\/div>\n\t\t\t\t<\/div>\n\t\t\t\t\t<\/div>\n\t\t\t\t<\/div>\n\t\t<div class=\"elementor-element elementor-element-c7f2dc1 e-flex e-con-boxed e-con e-parent\" data-id=\"c7f2dc1\" data-element_type=\"container\">\n\t\t\t\t\t<div class=\"e-con-inner\">\n\t\t<div class=\"elementor-element elementor-element-1026095 e-con-full e-flex e-con e-child\" data-id=\"1026095\" data-element_type=\"container\">\n\t\t\t\t<div class=\"elementor-element elementor-element-2494651 elementor-widget elementor-widget-text-editor\" data-id=\"2494651\" data-element_type=\"widget\" data-widget_type=\"text-editor.default\">\n\t\t\t\t\t\t\t\t\t<p>Alisson Munhoz &#8211; Desenvolvedor<\/p>\t\t\t\t\t\t\t\t<\/div>\n\t\t<div class=\"elementor-element elementor-element-2bab904 e-flex e-con-boxed e-con e-child\" data-id=\"2bab904\" data-element_type=\"container\">\n\t\t\t\t\t<div class=\"e-con-inner\">\n\t\t<div class=\"elementor-element elementor-element-db61a3a e-con-full e-flex e-con e-child\" data-id=\"db61a3a\" data-element_type=\"container\">\n\t\t\t\t<\/div>\n\t\t<div class=\"elementor-element elementor-element-254aa8a e-con-full e-flex e-con e-child\" data-id=\"254aa8a\" data-element_type=\"container\">\n\t\t\t\t<div class=\"elementor-element elementor-element-27d3a1b elementor-widget elementor-widget-text-editor\" data-id=\"27d3a1b\" data-element_type=\"widget\" data-widget_type=\"text-editor.default\">\n\t\t\t\t\t\t\t\t\t<p data-start=\"0\" data-end=\"244\">Sou <strong data-start=\"4\" data-end=\"22\">Alisson Munhoz<\/strong>, desenvolvedor de software com foco em criar solu\u00e7\u00f5es pr\u00e1ticas e bem estruturadas. Gosto de transformar problemas reais do dia a dia em sistemas confi\u00e1veis, com aten\u00e7\u00e3o a qualidade, performance e manuten\u00e7\u00e3o a longo prazo.<\/p><p data-start=\"246\" data-end=\"572\">Tenho experi\u00eancia construindo back-ends, integra\u00e7\u00f5es e aplica\u00e7\u00f5es completas, sempre buscando simplicidade no que importa: c\u00f3digo limpo, regras claras e entregas que funcionam em produ\u00e7\u00e3o. Sou curioso, m\u00e3o na massa e estou em constante evolu\u00e7\u00e3o<\/p>\t\t\t\t\t\t\t\t<\/div>\n\t\t\t\t<\/div>\n\t\t\t\t\t<\/div>\n\t\t\t\t<\/div>\n\t\t\t\t<\/div>\n\t\t\t\t<div class=\"elementor-element elementor-element-7f0c9aa elementor-widget__width-initial elementor-widget elementor-widget-image\" data-id=\"7f0c9aa\" data-element_type=\"widget\" data-widget_type=\"image.default\">\n\t\t\t\t\t\t\t\t\t\t\t\t\t\t\t<img decoding=\"async\" width=\"460\" height=\"460\" src=\"https:\/\/agenciagarras.com.br\/wp-content\/uploads\/2026\/02\/42939291.jpeg\" class=\"attachment-large size-large wp-image-1567\" alt=\"\" srcset=\"https:\/\/agenciagarras.com.br\/wp-content\/uploads\/2026\/02\/42939291.jpeg 460w, https:\/\/agenciagarras.com.br\/wp-content\/uploads\/2026\/02\/42939291-300x300.jpeg 300w, https:\/\/agenciagarras.com.br\/wp-content\/uploads\/2026\/02\/42939291-150x150.jpeg 150w\" sizes=\"(max-width: 460px) 100vw, 460px\" \/>\t\t\t\t\t\t\t\t\t\t\t\t\t\t\t<\/div>\n\t\t\t\t\t<\/div>\n\t\t\t\t<\/div>\n\t\t<div class=\"elementor-element elementor-element-44f1884 e-flex e-con-boxed e-con e-parent\" data-id=\"44f1884\" data-element_type=\"container\" data-settings=\"{&quot;background_background&quot;:&quot;classic&quot;}\">\n\t\t\t\t\t<div class=\"e-con-inner\">\n\t\t\t\t<div class=\"elementor-element elementor-element-e61568c elementor-widget elementor-widget-heading\" data-id=\"e61568c\" data-element_type=\"widget\" data-widget_type=\"heading.default\">\n\t\t\t\t\t<h2 class=\"elementor-heading-title elementor-size-default\">Redes Sociais<\/h2>\t\t\t\t<\/div>\n\t\t\t\t\t<\/div>\n\t\t\t\t<\/div>\n\t\t<div class=\"elementor-element elementor-element-1168e85 e-flex e-con-boxed e-con e-parent\" data-id=\"1168e85\" data-element_type=\"container\" data-settings=\"{&quot;background_background&quot;:&quot;classic&quot;}\">\n\t\t\t\t\t<div class=\"e-con-inner\">\n\t\t\t\t<div class=\"elementor-element elementor-element-b69652f elementor-shape-circle elementor-grid-0 e-grid-align-center elementor-widget elementor-widget-social-icons\" data-id=\"b69652f\" data-element_type=\"widget\" data-widget_type=\"social-icons.default\">\n\t\t\t\t\t\t\t<div class=\"elementor-social-icons-wrapper elementor-grid\" role=\"list\">\n\t\t\t\t\t\t\t<span class=\"elementor-grid-item\" role=\"listitem\">\n\t\t\t\t\t<a class=\"elementor-icon elementor-social-icon elementor-social-icon-instagram elementor-repeater-item-f130db5\" href=\"https:\/\/www.instagram.com\/estudio.garras\/\" target=\"_blank\">\n\t\t\t\t\t\t<span class=\"elementor-screen-only\">Instagram<\/span>\n\t\t\t\t\t\t<svg aria-hidden=\"true\" class=\"e-font-icon-svg e-fab-instagram\" viewBox=\"0 0 448 512\" xmlns=\"http:\/\/www.w3.org\/2000\/svg\"><path d=\"M224.1 141c-63.6 0-114.9 51.3-114.9 114.9s51.3 114.9 114.9 114.9S339 319.5 339 255.9 287.7 141 224.1 141zm0 189.6c-41.1 0-74.7-33.5-74.7-74.7s33.5-74.7 74.7-74.7 74.7 33.5 74.7 74.7-33.6 74.7-74.7 74.7zm146.4-194.3c0 14.9-12 26.8-26.8 26.8-14.9 0-26.8-12-26.8-26.8s12-26.8 26.8-26.8 26.8 12 26.8 26.8zm76.1 27.2c-1.7-35.9-9.9-67.7-36.2-93.9-26.2-26.2-58-34.4-93.9-36.2-37-2.1-147.9-2.1-184.9 0-35.8 1.7-67.6 9.9-93.9 36.1s-34.4 58-36.2 93.9c-2.1 37-2.1 147.9 0 184.9 1.7 35.9 9.9 67.7 36.2 93.9s58 34.4 93.9 36.2c37 2.1 147.9 2.1 184.9 0 35.9-1.7 67.7-9.9 93.9-36.2 26.2-26.2 34.4-58 36.2-93.9 2.1-37 2.1-147.8 0-184.8zM398.8 388c-7.8 19.6-22.9 34.7-42.6 42.6-29.5 11.7-99.5 9-132.1 9s-102.7 2.6-132.1-9c-19.6-7.8-34.7-22.9-42.6-42.6-11.7-29.5-9-99.5-9-132.1s-2.6-102.7 9-132.1c7.8-19.6 22.9-34.7 42.6-42.6 29.5-11.7 99.5-9 132.1-9s102.7-2.6 132.1 9c19.6 7.8 34.7 22.9 42.6 42.6 11.7 29.5 9 99.5 9 132.1s2.7 102.7-9 132.1z\"><\/path><\/svg>\t\t\t\t\t<\/a>\n\t\t\t\t<\/span>\n\t\t\t\t\t\t\t<span class=\"elementor-grid-item\" role=\"listitem\">\n\t\t\t\t\t<a class=\"elementor-icon elementor-social-icon elementor-social-icon-facebook elementor-repeater-item-90f17d4\" target=\"_blank\">\n\t\t\t\t\t\t<span class=\"elementor-screen-only\">Facebook<\/span>\n\t\t\t\t\t\t<svg aria-hidden=\"true\" class=\"e-font-icon-svg e-fab-facebook\" viewBox=\"0 0 512 512\" xmlns=\"http:\/\/www.w3.org\/2000\/svg\"><path d=\"M504 256C504 119 393 8 256 8S8 119 8 256c0 123.78 90.69 226.38 209.25 245V327.69h-63V256h63v-54.64c0-62.15 37-96.48 93.67-96.48 27.14 0 55.52 4.84 55.52 4.84v61h-31.28c-30.8 0-40.41 19.12-40.41 38.73V256h68.78l-11 71.69h-57.78V501C413.31 482.38 504 379.78 504 256z\"><\/path><\/svg>\t\t\t\t\t<\/a>\n\t\t\t\t<\/span>\n\t\t\t\t\t\t\t<span class=\"elementor-grid-item\" role=\"listitem\">\n\t\t\t\t\t<a class=\"elementor-icon elementor-social-icon elementor-social-icon-instagram elementor-repeater-item-ddd9fdc\" target=\"_blank\">\n\t\t\t\t\t\t<span class=\"elementor-screen-only\">Instagram<\/span>\n\t\t\t\t\t\t<svg aria-hidden=\"true\" class=\"e-font-icon-svg e-fab-instagram\" viewBox=\"0 0 448 512\" xmlns=\"http:\/\/www.w3.org\/2000\/svg\"><path d=\"M224.1 141c-63.6 0-114.9 51.3-114.9 114.9s51.3 114.9 114.9 114.9S339 319.5 339 255.9 287.7 141 224.1 141zm0 189.6c-41.1 0-74.7-33.5-74.7-74.7s33.5-74.7 74.7-74.7 74.7 33.5 74.7 74.7-33.6 74.7-74.7 74.7zm146.4-194.3c0 14.9-12 26.8-26.8 26.8-14.9 0-26.8-12-26.8-26.8s12-26.8 26.8-26.8 26.8 12 26.8 26.8zm76.1 27.2c-1.7-35.9-9.9-67.7-36.2-93.9-26.2-26.2-58-34.4-93.9-36.2-37-2.1-147.9-2.1-184.9 0-35.8 1.7-67.6 9.9-93.9 36.1s-34.4 58-36.2 93.9c-2.1 37-2.1 147.9 0 184.9 1.7 35.9 9.9 67.7 36.2 93.9s58 34.4 93.9 36.2c37 2.1 147.9 2.1 184.9 0 35.9-1.7 67.7-9.9 93.9-36.2 26.2-26.2 34.4-58 36.2-93.9 2.1-37 2.1-147.8 0-184.8zM398.8 388c-7.8 19.6-22.9 34.7-42.6 42.6-29.5 11.7-99.5 9-132.1 9s-102.7 2.6-132.1-9c-19.6-7.8-34.7-22.9-42.6-42.6-11.7-29.5-9-99.5-9-132.1s-2.6-102.7 9-132.1c7.8-19.6 22.9-34.7 42.6-42.6 29.5-11.7 99.5-9 132.1-9s102.7-2.6 132.1 9c19.6 7.8 34.7 22.9 42.6 42.6 11.7 29.5 9 99.5 9 132.1s2.7 102.7-9 132.1z\"><\/path><\/svg>\t\t\t\t\t<\/a>\n\t\t\t\t<\/span>\n\t\t\t\t\t<\/div>\n\t\t\t\t\t\t<\/div>\n\t\t\t\t\t<\/div>\n\t\t\t\t<\/div>\n\t\t\t\t<\/div>\n\t\t","protected":false},"excerpt":{"rendered":"<p>Pellentesque tincidunt tristique neque, eget venenatis enim gravida quis. Fusce at egestas libero. Cras convallis egestas ullamcorper suspens.<\/p>\n","protected":false},"author":1,"featured_media":0,"parent":0,"menu_order":0,"comment_status":"closed","ping_status":"closed","template":"","meta":{"footnotes":""},"class_list":["post-835","page","type-page","status-publish","hentry"],"blocksy_meta":{"styles_descriptor":{"styles":{"desktop":"","tablet":"","mobile":""},"google_fonts":[],"version":6}},"_links":{"self":[{"href":"https:\/\/agenciagarras.com.br\/index.php\/wp-json\/wp\/v2\/pages\/835","targetHints":{"allow":["GET"]}}],"collection":[{"href":"https:\/\/agenciagarras.com.br\/index.php\/wp-json\/wp\/v2\/pages"}],"about":[{"href":"https:\/\/agenciagarras.com.br\/index.php\/wp-json\/wp\/v2\/types\/page"}],"author":[{"embeddable":true,"href":"https:\/\/agenciagarras.com.br\/index.php\/wp-json\/wp\/v2\/users\/1"}],"replies":[{"embeddable":true,"href":"https:\/\/agenciagarras.com.br\/index.php\/wp-json\/wp\/v2\/comments?post=835"}],"version-history":[{"count":16,"href":"https:\/\/agenciagarras.com.br\/index.php\/wp-json\/wp\/v2\/pages\/835\/revisions"}],"predecessor-version":[{"id":1636,"href":"https:\/\/agenciagarras.com.br\/index.php\/wp-json\/wp\/v2\/pages\/835\/revisions\/1636"}],"wp:attachment":[{"href":"https:\/\/agenciagarras.com.br\/index.php\/wp-json\/wp\/v2\/media?parent=835"}],"curies":[{"name":"wp","href":"https:\/\/api.w.org\/{rel}","templated":true}]}}